{"id":241,"date":"2025-06-15T00:14:25","date_gmt":"2025-06-15T05:14:25","guid":{"rendered":"https:\/\/ruwanatejidosartesanales.com\/?page_id=241"},"modified":"2025-10-16T13:29:37","modified_gmt":"2025-10-16T18:29:37","slug":"conocenos","status":"publish","type":"page","link":"https:\/\/ruwanatejidosartesanales.com\/index.php\/conocenos\/","title":{"rendered":"Con\u00f3cenos"},"content":{"rendered":"\t\t<div data-elementor-type=\"wp-page\" data-elementor-id=\"241\" class=\"elementor elementor-241\" data-elementor-post-type=\"page\">\n\t\t\t\t<div data-particle_enable=\"false\" data-particle-mobile-disabled=\"false\" class=\"elementor-element elementor-element-68234e3 e-con-full e-flex e-con e-parent\" data-id=\"68234e3\" data-element_type=\"container\" data-e-type=\"container\" data-settings=\"{&quot;jet_parallax_layout_list&quot;:[]}\">\n\t\t\t\t<div class=\"elementor-element elementor-element-a9ff112 elementor-widget elementor-widget-slider_revolution\" data-id=\"a9ff112\" data-element_type=\"widget\" data-e-type=\"widget\" data-widget_type=\"slider_revolution.default\">\n\t\t\t\t<div class=\"elementor-widget-container\">\n\t\t\t\t\t\n\t\t<div class=\"wp-block-themepunch-revslider\">\n\t\t\t\t<p class=\"rs-p-wp-fix\"><\/p>\n\t\t\t\t<sr7-module data-alias=\"barber-shop-first-screen1\" data-id=\"6\" id=\"intro\" class=\"rs-ov-hidden\" data-version=\"6.7.34\">\n\t\t\t\t\t<sr7-adjuster><\/sr7-adjuster>\n\t\t\t\t\t<sr7-content>\n\t\t\t\t\t\t<sr7-slide id=\"intro-11\" data-key=\"11\">\n\t\t\t\t\t\t\t<sr7-bg id=\"intro-11-5\" class=\"sr7-layer\"><noscript><img decoding=\"async\" src=\"https:\/\/ruwanatejidosartesanales.com\/wp-content\/uploads\/2025\/06\/DSC02469-scaled.jpg\" alt=\"\" title=\"DSC02469\"><\/noscript><\/sr7-bg>\n\t\t\t\t\t\t\t<sr7-txt id=\"intro-11-1\" class=\"sr7-layer\">Con\u00f3cenos <\/sr7-txt>\n\t\t\t\t\t\t<\/sr7-slide>\n\t\t\t\t\t\t<sr7-slide id=\"intro-12\" data-key=\"12\">\n\t\t\t\t\t\t<\/sr7-slide>\n\t\t\t\t\t<\/sr7-content>\n\t\t\t\t\t<image_lists style=\"display:none\">\n\t\t\t\t\t\t<img data-src=\"\/\/ruwanatejidosartesanales.com\/wp-content\/uploads\/2025\/06\/DSC02469-scaled.jpg\" data-libid=\"254\" data-lib=\"medialibrary\" title=\"DSC02469\" width=\"0\" height=\"0\" data-dbsrc=\"Ly9ydXdhbmF0ZWppZG9zYXJ0ZXNhbmFsZXMuY29tL3dwLWNvbnRlbnQvdXBsb2Fkcy8yMDI1LzA2L0RTQzAyNDY5LXNjYWxlZC5qcGc=\"\/>\n\t\t\t\t\t<\/image_lists>\n\t\t\t\t<\/sr7-module>\n\t\t\t\t<script>\n\t\t\t\t\tSR7.PMH ??={}; SR7.PMH[\"intro\"] = {cn:100,state:false,fn: function() { if (_tpt!==undefined && _tpt.prepareModuleHeight !== undefined) {  _tpt.prepareModuleHeight({id:\"intro\",el:[868,868,868,868,720],type:'hero',shdw:'0',gh:[868,868,868,868,720],gw:[1200,1200,1200,1200,480],vpt:['-200px&#039;,&#039;-200px&#039;,&#039;-200px&#039;,&#039;-200px&#039;,&#039;-200px'],size:{fullWidth:true, fullHeight:true},fho:'#masthead,',mh:'0',onh:0,onw:0,bg:{color:'{\"orig\":\"transparent\",\"type\":\"solid\",\"string\":\"transparent\"}'},plType:'-1',plColor:'#FFFFFF'});   SR7.PMH[\"intro\"].state=true;} else if(SR7.PMH[\"intro\"].cn-->0)\tsetTimeout( SR7.PMH[\"intro\"].fn,19);}};SR7.PMH[\"intro\" ].fn();\n\t\t\t\t<\/script>\n<\/div>\n\n\t\t\t\t\t\t<\/div>\n\t\t\t\t<\/div>\n\t\t\t\t<\/div>\n\t\t<div data-particle_enable=\"false\" data-particle-mobile-disabled=\"false\" class=\"elementor-element elementor-element-4a69840 e-flex e-con-boxed e-con e-parent\" data-id=\"4a69840\" data-element_type=\"container\" data-e-type=\"container\" data-settings=\"{&quot;jet_parallax_layout_list&quot;:[]}\">\n\t\t\t\t\t<div class=\"e-con-inner\">\n\t\t\t\t<div class=\"elementor-element elementor-element-e2b6940 elementor-widget-divider--view-line elementor-widget elementor-widget-divider\" data-id=\"e2b6940\" data-element_type=\"widget\" data-e-type=\"widget\" data-widget_type=\"divider.default\">\n\t\t\t\t<div class=\"elementor-widget-container\">\n\t\t\t\t\t\t\t<div class=\"elementor-divider\">\n\t\t\t<span class=\"elementor-divider-separator\">\n\t\t\t\t\t\t<\/span>\n\t\t<\/div>\n\t\t\t\t\t\t<\/div>\n\t\t\t\t<\/div>\n\t\t\t\t\t<\/div>\n\t\t\t\t<\/div>\n\t\t<div data-particle_enable=\"false\" data-particle-mobile-disabled=\"false\" class=\"elementor-element elementor-element-b0220bc e-flex e-con-boxed e-con e-parent\" data-id=\"b0220bc\" data-element_type=\"container\" data-e-type=\"container\" data-settings=\"{&quot;jet_parallax_layout_list&quot;:[]}\">\n\t\t\t\t\t<div class=\"e-con-inner\">\n\t\t<div data-particle_enable=\"false\" data-particle-mobile-disabled=\"false\" class=\"elementor-element elementor-element-5e8fee2 e-con-full e-flex e-con e-child\" data-id=\"5e8fee2\" data-element_type=\"container\" data-e-type=\"container\" data-settings=\"{&quot;jet_parallax_layout_list&quot;:[]}\">\n\t\t\t\t<div class=\"elementor-element elementor-element-1eb1b45 elementor-widget elementor-widget-heading\" data-id=\"1eb1b45\" data-element_type=\"widget\" data-e-type=\"widget\" data-widget_type=\"heading.default\">\n\t\t\t\t<div class=\"elementor-widget-container\">\n\t\t\t\t\t<h2 class=\"elementor-heading-title elementor-size-default\">Arte en cada prenda<\/h2>\t\t\t\t<\/div>\n\t\t\t\t<\/div>\n\t\t\t\t<\/div>\n\t\t<div data-particle_enable=\"false\" data-particle-mobile-disabled=\"false\" class=\"elementor-element elementor-element-8b46509 e-con-full e-flex e-con e-child\" data-id=\"8b46509\" data-element_type=\"container\" data-e-type=\"container\" data-settings=\"{&quot;jet_parallax_layout_list&quot;:[]}\">\n\t\t\t\t<div class=\"elementor-element elementor-element-0849935 elementor-widget elementor-widget-text-editor\" data-id=\"0849935\" data-element_type=\"widget\" data-e-type=\"widget\" data-widget_type=\"text-editor.default\">\n\t\t\t\t<div class=\"elementor-widget-container\">\n\t\t\t\t\t\t\t\t\t<p><span style=\"font-weight: 400;\">Ruwana es m\u00e1s que moda, al elegir estas prendas \u00fanicas, llevas contigo un pedazo de historia y cultura, apoyas a mujeres talentosas del Ecuador, y est\u00e1s invirtiendo en un futuro m\u00e1s sostenible.<\/span><\/p>\t\t\t\t\t\t\t\t<\/div>\n\t\t\t\t<\/div>\n\t\t\t\t<\/div>\n\t\t\t\t\t<\/div>\n\t\t\t\t<\/div>\n\t\t<div data-particle_enable=\"false\" data-particle-mobile-disabled=\"false\" class=\"elementor-element elementor-element-3661b5f e-flex e-con-boxed e-con e-parent\" data-id=\"3661b5f\" data-element_type=\"container\" data-e-type=\"container\" data-settings=\"{&quot;jet_parallax_layout_list&quot;:[]}\">\n\t\t\t\t\t<div class=\"e-con-inner\">\n\t\t\t\t<div class=\"elementor-element elementor-element-d0460cb elementor-widget elementor-widget-slider_revolution\" data-id=\"d0460cb\" data-element_type=\"widget\" data-e-type=\"widget\" data-widget_type=\"slider_revolution.default\">\n\t\t\t\t<div class=\"elementor-widget-container\">\n\t\t\t\t\t\n\t\t<div class=\"wp-block-themepunch-revslider\">\n\t\t\t\t<p class=\"rs-p-wp-fix\"><\/p>\n\t\t\t\t<sr7-module data-alias=\"barber-shop-about1\" data-id=\"7\" id=\"about\" class=\"rs-ov-hidden\" data-version=\"6.7.34\">\n\t\t\t\t\t<sr7-adjuster><\/sr7-adjuster>\n\t\t\t\t\t<sr7-content>\n\t\t\t\t\t\t<sr7-slide id=\"about-13\" data-key=\"13\">\n\t\t\t\t\t\t\t<sr7-txt id=\"about-13-13\" class=\"sr7-layer\">\u00bfQui\u00e9nes somos?\u200b<\/sr7-txt>\n\t\t\t\t\t\t\t<sr7-txt id=\"about-13-14\" class=\"sr7-layer\">about <\/sr7-txt>\n\t\t\t\t\t\t\t<sr7-txt id=\"about-13-16\" class=\"sr7-layer\">Somos Ruwana, una marca ecuatoriana que creamos prendas tejidas a mano, por varias\ncomunidades de mujeres de la sierra ecuatoriana.\nNuestra materia prima, es la lana 100% natural de oveja, una fibra natural bio degradable, y\ndebido al proceso manual que conlleva el tejido de cada prenda, los ovejeros son aut\u00e9nticos\ny \u00fanicos.\nHonramos el trabajo de las manos y no nos referimos a tendencias fugaces, sino que por el\ncontrario, hacemos \u00e9nfasis en la atemporalidad y la creencia inquebrantable del poder de\nestas prendas textiles que cuentan historias y tradiciones.<\/sr7-txt>\n\t\t\t\t\t\t<\/sr7-slide>\n\t\t\t\t\t\t<sr7-slide id=\"about-14\" data-key=\"14\">\n\t\t\t\t\t\t<\/sr7-slide>\n\t\t\t\t\t<\/sr7-content>\n\t\t\t\t\t<image_lists style=\"display:none\">\n\t\t\t\t\t\t<img data-src=\"\/\/ruwanatejidosartesanales.com\/wp-content\/uploads\/2025\/06\/VideoCapture_20241130-073533.jpg\" data-libid=\"264\" data-lib=\"medialibrary\" title=\"VideoCapture_20241130-073533\" width=\"0\" height=\"0\" data-dbsrc=\"Ly9ydXdhbmF0ZWppZG9zYXJ0ZXNhbmFsZXMuY29tL3dwLWNvbnRlbnQvdXBsb2Fkcy8yMDI1LzA2L1ZpZGVvQ2FwdHVyZV8yMDI0MTEzMC0wNzM1MzMuanBn\"\/>\n\t\t\t\t\t<\/image_lists>\n\t\t\t\t<\/sr7-module>\n\t\t\t\t<script>\n\t\t\t\t\tSR7.PMH ??={}; SR7.PMH[\"about\"] = {cn:100,state:false,fn: function() { if (_tpt!==undefined && _tpt.prepareModuleHeight !== undefined) {  _tpt.prepareModuleHeight({id:\"about\",el:[1000,1000,1000,1000,600],type:'hero',shdw:'0',gh:[1000,1000,1000,1000,600],gw:[1200,1200,1200,1200,480],vpt:['-200px&#039;,&#039;-200px&#039;,&#039;-200px&#039;,&#039;-200px&#039;,&#039;-200px'],size:{fullWidth:true, fullHeight:false},mh:'0',onh:0,onw:0,bg:{color:'{\"orig\":\"transparent\",\"type\":\"solid\",\"string\":\"transparent\"}'},plType:'-1',plColor:'#FFFFFF'});   SR7.PMH[\"about\"].state=true;} else if(SR7.PMH[\"about\"].cn-->0)\tsetTimeout( SR7.PMH[\"about\"].fn,19);}};SR7.PMH[\"about\" ].fn();\n\t\t\t\t<\/script>\n<\/div>\n\n\t\t\t\t\t\t<\/div>\n\t\t\t\t<\/div>\n\t\t\t\t\t<\/div>\n\t\t\t\t<\/div>\n\t\t<div data-particle_enable=\"false\" data-particle-mobile-disabled=\"false\" class=\"elementor-element elementor-element-aec89be e-flex e-con-boxed e-con e-parent\" data-id=\"aec89be\" data-element_type=\"container\" data-e-type=\"container\" data-settings=\"{&quot;jet_parallax_layout_list&quot;:[]}\">\n\t\t\t\t\t<div class=\"e-con-inner\">\n\t\t<div data-particle_enable=\"false\" data-particle-mobile-disabled=\"false\" class=\"elementor-element elementor-element-e540c4f e-con-full e-flex e-con e-child\" data-id=\"e540c4f\" data-element_type=\"container\" data-e-type=\"container\" data-settings=\"{&quot;jet_parallax_layout_list&quot;:[]}\">\n\t\t\t\t<div class=\"elementor-element elementor-element-b85f2a1 elementor-widget elementor-widget-heading\" data-id=\"b85f2a1\" data-element_type=\"widget\" data-e-type=\"widget\" data-widget_type=\"heading.default\">\n\t\t\t\t<div class=\"elementor-widget-container\">\n\t\t\t\t\t<h2 class=\"elementor-heading-title elementor-size-default\">\u00bfQu\u00e9 tipo de prendas elaboramos?<\/h2>\t\t\t\t<\/div>\n\t\t\t\t<\/div>\n\t\t\t\t<div class=\"elementor-element elementor-element-d01be14 elementor-widget elementor-widget-text-editor\" data-id=\"d01be14\" data-element_type=\"widget\" data-e-type=\"widget\" data-widget_type=\"text-editor.default\">\n\t\t\t\t<div class=\"elementor-widget-container\">\n\t\t\t\t\t\t\t\t\t<p>El proceso en la elaboraci\u00f3n de cada Ruwana, es lento desde la esquila de las ovejas,<br \/>hasta el tejido final, nos enfocamos en un proceso \u00e9tico, donde se cuida de cada detalle.<br \/>Nuestras prendas han sido dise\u00f1adas para perdurar.<br \/>Elaboramos sacos, c\u00e1rdigans y chalecos para hombres, mujeres y ni\u00f1os; as\u00ed como cojines<br \/>para el hogar, y sacos para mascotas.<br \/>Nos enfocamos en dise\u00f1os originales y diversos, que junto con el tejido a mano, permite<br \/>obtener prendas exclusivas.<\/p>\t\t\t\t\t\t\t\t<\/div>\n\t\t\t\t<\/div>\n\t\t\t\t<\/div>\n\t\t<div data-particle_enable=\"false\" data-particle-mobile-disabled=\"false\" class=\"elementor-element elementor-element-8a95978 e-con-full e-flex e-con e-child\" data-id=\"8a95978\" data-element_type=\"container\" data-e-type=\"container\" data-settings=\"{&quot;jet_parallax_layout_list&quot;:[]}\">\n\t\t<div data-particle_enable=\"false\" data-particle-mobile-disabled=\"false\" class=\"elementor-element elementor-element-c9d0780 e-con-full e-flex e-con e-child\" data-id=\"c9d0780\" data-element_type=\"container\" data-e-type=\"container\" data-settings=\"{&quot;jet_parallax_layout_list&quot;:[]}\">\n\t\t\t\t<div class=\"elementor-element elementor-element-721100d elementor-widget elementor-widget-image\" data-id=\"721100d\" data-element_type=\"widget\" data-e-type=\"widget\" data-widget_type=\"image.default\">\n\t\t\t\t<div class=\"elementor-widget-container\">\n\t\t\t\t\t\t\t\t\t\t\t\t\t\t\t<img fetchpriority=\"high\" decoding=\"async\" width=\"1920\" height=\"2560\" src=\"https:\/\/ruwanatejidosartesanales.com\/wp-content\/uploads\/2025\/06\/PSX_20241130_072832-scaled.jpg\" class=\"attachment-full size-full wp-image-269\" alt=\"\" srcset=\"https:\/\/ruwanatejidosartesanales.com\/wp-content\/uploads\/2025\/06\/PSX_20241130_072832-scaled.jpg 1920w, https:\/\/ruwanatejidosartesanales.com\/wp-content\/uploads\/2025\/06\/PSX_20241130_072832-225x300.jpg 225w, https:\/\/ruwanatejidosartesanales.com\/wp-content\/uploads\/2025\/06\/PSX_20241130_072832-768x1024.jpg 768w, https:\/\/ruwanatejidosartesanales.com\/wp-content\/uploads\/2025\/06\/PSX_20241130_072832-1152x1536.jpg 1152w, https:\/\/ruwanatejidosartesanales.com\/wp-content\/uploads\/2025\/06\/PSX_20241130_072832-1536x2048.jpg 1536w, https:\/\/ruwanatejidosartesanales.com\/wp-content\/uploads\/2025\/06\/PSX_20241130_072832-1320x1760.jpg 1320w, https:\/\/ruwanatejidosartesanales.com\/wp-content\/uploads\/2025\/06\/PSX_20241130_072832-600x800.jpg 600w\" sizes=\"(max-width: 1920px) 100vw, 1920px\" \/>\t\t\t\t\t\t\t\t\t\t\t\t\t\t\t<\/div>\n\t\t\t\t<\/div>\n\t\t\t\t<\/div>\n\t\t\t\t<\/div>\n\t\t\t\t\t<\/div>\n\t\t\t\t<\/div>\n\t\t<div data-particle_enable=\"false\" data-particle-mobile-disabled=\"false\" class=\"elementor-element elementor-element-8c4c665 e-flex e-con-boxed e-con e-parent\" data-id=\"8c4c665\" data-element_type=\"container\" data-e-type=\"container\" data-settings=\"{&quot;jet_parallax_layout_list&quot;:[]}\">\n\t\t\t\t\t<div class=\"e-con-inner\">\n\t\t\t\t<div class=\"elementor-element elementor-element-ea21d98 elementor-widget elementor-widget-image\" data-id=\"ea21d98\" data-element_type=\"widget\" data-e-type=\"widget\" data-widget_type=\"image.default\">\n\t\t\t\t<div class=\"elementor-widget-container\">\n\t\t\t\t\t\t\t\t\t\t\t\t\t\t\t<img loading=\"lazy\" decoding=\"async\" width=\"2560\" height=\"1440\" src=\"https:\/\/ruwanatejidosartesanales.com\/wp-content\/uploads\/2025\/06\/DSC3587-scaled.jpg\" class=\"attachment-full size-full wp-image-348\" alt=\"\" srcset=\"https:\/\/ruwanatejidosartesanales.com\/wp-content\/uploads\/2025\/06\/DSC3587-scaled.jpg 2560w, https:\/\/ruwanatejidosartesanales.com\/wp-content\/uploads\/2025\/06\/DSC3587-300x169.jpg 300w, https:\/\/ruwanatejidosartesanales.com\/wp-content\/uploads\/2025\/06\/DSC3587-1024x576.jpg 1024w, https:\/\/ruwanatejidosartesanales.com\/wp-content\/uploads\/2025\/06\/DSC3587-768x432.jpg 768w, https:\/\/ruwanatejidosartesanales.com\/wp-content\/uploads\/2025\/06\/DSC3587-1536x864.jpg 1536w, https:\/\/ruwanatejidosartesanales.com\/wp-content\/uploads\/2025\/06\/DSC3587-2048x1152.jpg 2048w, https:\/\/ruwanatejidosartesanales.com\/wp-content\/uploads\/2025\/06\/DSC3587-1320x743.jpg 1320w, https:\/\/ruwanatejidosartesanales.com\/wp-content\/uploads\/2025\/06\/DSC3587-600x338.jpg 600w\" sizes=\"(max-width: 2560px) 100vw, 2560px\" \/>\t\t\t\t\t\t\t\t\t\t\t\t\t\t\t<\/div>\n\t\t\t\t<\/div>\n\t\t\t\t\t<\/div>\n\t\t\t\t<\/div>\n\t\t<div data-particle_enable=\"false\" data-particle-mobile-disabled=\"false\" class=\"elementor-element elementor-element-24ffa32 e-flex e-con-boxed e-con e-parent\" data-id=\"24ffa32\" data-element_type=\"container\" data-e-type=\"container\" data-settings=\"{&quot;jet_parallax_layout_list&quot;:[]}\">\n\t\t\t\t\t<div class=\"e-con-inner\">\n\t\t\t\t<div class=\"elementor-element elementor-element-54d70f3 elementor-widget elementor-widget-heading\" data-id=\"54d70f3\" data-element_type=\"widget\" data-e-type=\"widget\" data-widget_type=\"heading.default\">\n\t\t\t\t<div class=\"elementor-widget-container\">\n\t\t\t\t\t<h2 class=\"elementor-heading-title elementor-size-default\">Misi\u00f3n<\/h2>\t\t\t\t<\/div>\n\t\t\t\t<\/div>\n\t\t\t\t<div class=\"elementor-element elementor-element-c5ee7b4 elementor-widget elementor-widget-text-editor\" data-id=\"c5ee7b4\" data-element_type=\"widget\" data-e-type=\"widget\" data-widget_type=\"text-editor.default\">\n\t\t\t\t<div class=\"elementor-widget-container\">\n\t\t\t\t\t\t\t\t\t<p>Ruwana, a trav\u00e9s del tejido, busca promover el legado cultural ecuatoriano, y rescatar las<br \/>t\u00e9cnicas ancestrales utilizando fibras naturales, dise\u00f1ando prendas de alta calidad,<br \/>durabilidad y originalidad.<br \/>Nuestra misi\u00f3n se centra en aportar a la econom\u00eda circular de las comunidades locales y<br \/>mujeres involucradas.<\/p>\t\t\t\t\t\t\t\t<\/div>\n\t\t\t\t<\/div>\n\t\t\t\t\t<\/div>\n\t\t\t\t<\/div>\n\t\t<div data-particle_enable=\"false\" data-particle-mobile-disabled=\"false\" class=\"elementor-element elementor-element-dec26a9 e-flex e-con-boxed e-con e-parent\" data-id=\"dec26a9\" data-element_type=\"container\" data-e-type=\"container\" data-settings=\"{&quot;jet_parallax_layout_list&quot;:[]}\">\n\t\t\t\t\t<div class=\"e-con-inner\">\n\t\t\t\t<div class=\"elementor-element elementor-element-8c8ffad elementor-widget elementor-widget-heading\" data-id=\"8c8ffad\" data-element_type=\"widget\" data-e-type=\"widget\" data-widget_type=\"heading.default\">\n\t\t\t\t<div class=\"elementor-widget-container\">\n\t\t\t\t\t<h2 class=\"elementor-heading-title elementor-size-default\">Visi\u00f3n<\/h2>\t\t\t\t<\/div>\n\t\t\t\t<\/div>\n\t\t\t\t<div class=\"elementor-element elementor-element-14d7977 elementor-widget elementor-widget-text-editor\" data-id=\"14d7977\" data-element_type=\"widget\" data-e-type=\"widget\" data-widget_type=\"text-editor.default\">\n\t\t\t\t<div class=\"elementor-widget-container\">\n\t\t\t\t\t\t\t\t\t<p>A trav\u00e9s del tejido a mano, y la originalidad de las prendas atemporales en todo su<br \/>concepto, llegaremos a la expansi\u00f3n y reconocimiento mundial de la marca, garantizando la<br \/>continuidad de este legado cultural, y creando un mejor d\u00eda a d\u00eda para el medio ambiente,<br \/>nuestros clientes, y tambi\u00e9n para nuestros colaboradores y comunidades que conforman<br \/>este proyecto.<\/p>\t\t\t\t\t\t\t\t<\/div>\n\t\t\t\t<\/div>\n\t\t\t\t\t<\/div>\n\t\t\t\t<\/div>\n\t\t<div data-particle_enable=\"false\" data-particle-mobile-disabled=\"false\" class=\"elementor-element elementor-element-34d9db7 e-flex e-con-boxed e-con e-parent\" data-id=\"34d9db7\" data-element_type=\"container\" data-e-type=\"container\" data-settings=\"{&quot;jet_parallax_layout_list&quot;:[]}\">\n\t\t\t\t\t<div class=\"e-con-inner\">\n\t\t\t\t<div class=\"elementor-element elementor-element-6de9efc elementor-widget-divider--view-line elementor-widget elementor-widget-divider\" data-id=\"6de9efc\" data-element_type=\"widget\" data-e-type=\"widget\" data-widget_type=\"divider.default\">\n\t\t\t\t<div class=\"elementor-widget-container\">\n\t\t\t\t\t\t\t<div class=\"elementor-divider\">\n\t\t\t<span class=\"elementor-divider-separator\">\n\t\t\t\t\t\t<\/span>\n\t\t<\/div>\n\t\t\t\t\t\t<\/div>\n\t\t\t\t<\/div>\n\t\t\t\t\t<\/div>\n\t\t\t\t<\/div>\n\t\t\t\t<\/div>\n\t\t","protected":false},"excerpt":{"rendered":"<p>Arte en cada prenda Ruwana es m\u00e1s que moda, al elegir estas prendas \u00fanicas, llevas contigo un pedazo de historia y cultura, apoyas a mujeres talentosas del Ecuador, y est\u00e1s invirtiendo en un futuro m\u00e1s sostenible. \u00bfQu\u00e9 tipo de prendas elaboramos? El proceso en la elaboraci\u00f3n de cada Ruwana, es lento desde la esquila de [&hellip;]<\/p>\n","protected":false},"author":1,"featured_media":0,"parent":0,"menu_order":0,"comment_status":"closed","ping_status":"closed","template":"","meta":{"_joinchat":[],"footnotes":""},"class_list":["post-241","page","type-page","status-publish","hentry"],"jetpack_sharing_enabled":true,"_links":{"self":[{"href":"https:\/\/ruwanatejidosartesanales.com\/index.php\/wp-json\/wp\/v2\/pages\/241","targetHints":{"allow":["GET"]}}],"collection":[{"href":"https:\/\/ruwanatejidosartesanales.com\/index.php\/wp-json\/wp\/v2\/pages"}],"about":[{"href":"https:\/\/ruwanatejidosartesanales.com\/index.php\/wp-json\/wp\/v2\/types\/page"}],"author":[{"embeddable":true,"href":"https:\/\/ruwanatejidosartesanales.com\/index.php\/wp-json\/wp\/v2\/users\/1"}],"replies":[{"embeddable":true,"href":"https:\/\/ruwanatejidosartesanales.com\/index.php\/wp-json\/wp\/v2\/comments?post=241"}],"version-history":[{"count":33,"href":"https:\/\/ruwanatejidosartesanales.com\/index.php\/wp-json\/wp\/v2\/pages\/241\/revisions"}],"predecessor-version":[{"id":479,"href":"https:\/\/ruwanatejidosartesanales.com\/index.php\/wp-json\/wp\/v2\/pages\/241\/revisions\/479"}],"wp:attachment":[{"href":"https:\/\/ruwanatejidosartesanales.com\/index.php\/wp-json\/wp\/v2\/media?parent=241"}],"curies":[{"name":"wp","href":"https:\/\/api.w.org\/{rel}","templated":true}]}}